{"id":13203,"date":"2022-01-11T15:09:37","date_gmt":"2022-01-11T14:09:37","guid":{"rendered":"https:\/\/www.terra-gaming.gg\/panier\/"},"modified":"2023-09-27T13:04:16","modified_gmt":"2023-09-27T11:04:16","slug":"panier","status":"publish","type":"page","link":"https:\/\/www.terra-gaming.gg\/fr\/panier\/","title":{"rendered":"Panier"},"content":{"rendered":"\t\t<div data-elementor-type=\"wp-page\" data-elementor-id=\"13203\" class=\"elementor elementor-13203 elementor-16\" wpc-filter-elementor-widget=\"1\" data-elementor-post-type=\"page\">\n\t\t\t\t<div class=\"elementor-element elementor-element-a3caa26 e-flex e-con-boxed e-con e-parent\" data-id=\"a3caa26\" data-element_type=\"container\" data-e-type=\"container\">\n\t\t\t\t\t<div class=\"e-con-inner\">\n\t\t\t\t<div class=\"elementor-element elementor-element-5ce1c00 elementor-widget elementor-widget-heading\" data-id=\"5ce1c00\" data-element_type=\"widget\" data-e-type=\"widget\" data-widget_type=\"heading.default\">\n\t\t\t\t<div class=\"elementor-widget-container\">\n\t\t\t\t\t<h1 class=\"elementor-heading-title elementor-size-default\">Dein Warenkorb<\/h1>\t\t\t\t<\/div>\n\t\t\t\t<\/div>\n\t\t\t\t\t<\/div>\n\t\t\t\t<\/div>\n\t\t<div class=\"elementor-element elementor-element-0ff53ca e-flex e-con-boxed e-con e-parent\" data-id=\"0ff53ca\" data-element_type=\"container\" data-e-type=\"container\">\n\t\t\t\t\t<div class=\"e-con-inner\">\n\t\t\t\t\t<\/div>\n\t\t\t\t<\/div>\n\t\t\t\t<\/div>\n\t\t","protected":false},"excerpt":{"rendered":"<p>Dein Warenkorb Artikel entfernen Vorschaubild Produkt Preis Anzahl Zwischensumme &times; TERRA PC-GAMER ELITE 3 1.649,00&nbsp;&euro; TERRA PC-GAMER ELITE 3 Menge 3.298,00&nbsp;&euro;Enth\u00e4lt 526,57&nbsp;&euro; 19% (19%) Hier erf\u00e4hrst du mehr zu den Versandkosten, Zahlungsweisen und unserer Widerrufsbelehrung. Zusammenfassung Zwischensumme 3.298,00&nbsp;&euro; Versand Versandkostenpauschale: 11,90&nbsp;&euro;Enth\u00e4lt 1,90&nbsp;&euro; 19% (19%) Versand nach Rahdener Stra\u00dfe 93, 32312 L\u00fcbbecke. Adresse \u00e4ndern Land\/Region: Land\/Region [&hellip;]<\/p>\n","protected":false},"author":5,"featured_media":0,"parent":0,"menu_order":0,"comment_status":"closed","ping_status":"closed","template":"","meta":{"_acf_changed":false,"inline_featured_image":false,"footnotes":""},"class_list":["post-13203","page","type-page","status-publish","hentry"],"acf":[],"_links":{"self":[{"href":"https:\/\/www.terra-gaming.gg\/fr\/wp-json\/wp\/v2\/pages\/13203","targetHints":{"allow":["GET"]}}],"collection":[{"href":"https:\/\/www.terra-gaming.gg\/fr\/wp-json\/wp\/v2\/pages"}],"about":[{"href":"https:\/\/www.terra-gaming.gg\/fr\/wp-json\/wp\/v2\/types\/page"}],"author":[{"embeddable":true,"href":"https:\/\/www.terra-gaming.gg\/fr\/wp-json\/wp\/v2\/users\/5"}],"replies":[{"embeddable":true,"href":"https:\/\/www.terra-gaming.gg\/fr\/wp-json\/wp\/v2\/comments?post=13203"}],"version-history":[{"count":0,"href":"https:\/\/www.terra-gaming.gg\/fr\/wp-json\/wp\/v2\/pages\/13203\/revisions"}],"wp:attachment":[{"href":"https:\/\/www.terra-gaming.gg\/fr\/wp-json\/wp\/v2\/media?parent=13203"}],"curies":[{"name":"wp","href":"https:\/\/api.w.org\/{rel}","templated":true}]}}